{"id":304,"date":"2022-06-29T16:10:12","date_gmt":"2022-06-29T16:10:12","guid":{"rendered":"https:\/\/apelrionegro.com.ar\/?page_id=304"},"modified":"2025-06-18T16:15:46","modified_gmt":"2025-06-18T16:15:46","slug":"contactos","status":"publish","type":"page","link":"https:\/\/apelrionegro.com.ar\/sitio2\/contactos\/","title":{"rendered":"CONTACTOS"},"content":{"rendered":"\n<p class=\"has-vivid-cyan-blue-color has-text-color\"><strong>Tel\u00e9fono<\/strong>: 2920 &#8211; 431069<\/p>\n\n\n\n<p><a href=\"https:\/\/www.facebook.com\/RionegroApel\/about\/?ref=page_internal\">https:\/\/www.facebook.com\/RionegroApel\/about\/?ref=page_internal<\/a><\/p>\n\n\n\n<p><a href=\"https:\/\/www.instagram.com\/invites\/contact\/?i=1mg6g2l3a75as&amp;utm_content=oea4cpa\">https:\/\/www.instagram.com\/invites\/contact\/?i=1mg6g2l3a75as&amp;utm_content=oea4cpa<\/a><\/p>\n\n\n\n<p><strong>LISTADO DE CORREOS INSTITUCIONALES<\/strong><\/p>\n\n\n\n<p class=\"has-black-color has-text-color\">Gustavo Mor\u00f3n          <a href=\"mailto:secretariogeneral@apelrionegro.com.ar\"><u>secretariogeneral@apelrionegro.com.ar<\/u><\/a><\/p>\n\n\n\n<p class=\"has-black-color has-text-color\">Pascual Amestica      <a href=\"mailto:secretariogremial@apelrionegro.com.ar\"><u>secretariogremial@apelrionegro.com.ar<\/u><\/a><\/p>\n\n\n\n<p class=\"has-black-color has-text-color\">Adri\u00e1n Qui\u00f1enao      <a href=\"mailto:organizacion@apelrionegro.com.ar\"><u>organizacion@apelrionegro.com.ar<\/u><\/a><\/p>\n\n\n\n<p class=\"has-black-color has-text-color\">ERIKA BEATRIZ SAEZ  <a href=\"mailto:finanzas@apelrionegro.com.ar\"><u>finanzas@apelrionegro.com.ar<\/u><\/a><\/p>\n\n\n\n<p class=\"has-black-color has-text-color\">RODRIGO JAVIER MARTINEZ BAYO <a href=\"mailto:accionsocial@apelrionegro.com.ar\"><u> accionsocial@apelrionegro.com.ar<\/u><\/a><\/p>\n\n\n\n<p class=\"has-black-color has-text-color\">STELLA MARIS PAZOS <a href=\"mailto:oficina@apelrionegro.com.ar\"><u>oficina@apelrionegro.com.ar<\/u><\/a>, prensa@apelrionegro.com.ar<\/p>\n\n\n\n<p class=\"has-black-color has-text-color\">Erika Saez                  <a href=\"mailto:juventud@apelrionegro.com.ar\"><u>juventud@apelrionegro.com.ar<\/u><\/a><\/p>\n\n\n\n<p class=\"has-black-color has-text-color\">Gladys Polis               <a href=\"mailto:mujer@apelrionegro.com.ar\"><u>mujer@apelrionegro.com.ar<\/u><\/a><\/p>\n\n\n\n<p class=\"has-black-color has-text-color\">Aldo Santamarina    <a href=\"mailto:pasivos@apelrionegro.com.ar\"><u>pasivos@apelrionegro.com.ar<\/u><\/a><\/p>\n\n\n\n<p class=\"has-black-color has-text-color\">RICARDO ANIBAL COLOMBO <a href=\"mailto:turismoydeportes@apelrionegro.com.ar\"><u>turismoydeportes@apelrionegro.com.ar<\/u><\/a><\/p>\n\n\n\n<p class=\"has-black-color has-text-color\"><\/p>\n\n\n\n<p><\/p>\n","protected":false},"excerpt":{"rendered":"<p>Tel\u00e9fono: 2920 &#8211; 431069 https:\/\/www.facebook.com\/RionegroApel\/about\/?ref=page_internal https:\/\/www.instagram.com\/invites\/contact\/?i=1mg6g2l3a75as&amp;utm_content=oea4cpa LISTADO DE CORREOS INSTITUCIONALES Gustavo Mor\u00f3n secretariogeneral@apelrionegro.com.ar Pascual Amestica secretariogremial@apelrionegro.com.ar Adri\u00e1n Qui\u00f1enao organizacion@apelrionegro.com.ar ERIKA BEATRIZ SAEZ finanzas@apelrionegro.com.ar RODRIGO JAVIER MARTINEZ BAYO accionsocial@apelrionegro.com.ar STELLA MARIS PAZOS oficina@apelrionegro.com.ar, prensa@apelrionegro.com.ar Erika Saez juventud@apelrionegro.com.ar Gladys Polis mujer@apelrionegro.com.ar Aldo Santamarina pasivos@apelrionegro.com.ar RICARDO ANIBAL COLOMBO turismoydeportes@apelrionegro.com.ar<\/p>\n","protected":false},"author":2,"featured_media":0,"parent":0,"menu_order":0,"comment_status":"closed","ping_status":"closed","template":"","meta":{"footnotes":""},"class_list":["post-304","page","type-page","status-publish","hentry"],"_links":{"self":[{"href":"https:\/\/apelrionegro.com.ar\/sitio2\/wp-json\/wp\/v2\/pages\/304","targetHints":{"allow":["GET"]}}],"collection":[{"href":"https:\/\/apelrionegro.com.ar\/sitio2\/wp-json\/wp\/v2\/pages"}],"about":[{"href":"https:\/\/apelrionegro.com.ar\/sitio2\/wp-json\/wp\/v2\/types\/page"}],"author":[{"embeddable":true,"href":"https:\/\/apelrionegro.com.ar\/sitio2\/wp-json\/wp\/v2\/users\/2"}],"replies":[{"embeddable":true,"href":"https:\/\/apelrionegro.com.ar\/sitio2\/wp-json\/wp\/v2\/comments?post=304"}],"version-history":[{"count":12,"href":"https:\/\/apelrionegro.com.ar\/sitio2\/wp-json\/wp\/v2\/pages\/304\/revisions"}],"predecessor-version":[{"id":1683,"href":"https:\/\/apelrionegro.com.ar\/sitio2\/wp-json\/wp\/v2\/pages\/304\/revisions\/1683"}],"wp:attachment":[{"href":"https:\/\/apelrionegro.com.ar\/sitio2\/wp-json\/wp\/v2\/media?parent=304"}],"curies":[{"name":"wp","href":"https:\/\/api.w.org\/{rel}","templated":true}]}}