{"id":294,"date":"2022-06-29T14:50:05","date_gmt":"2022-06-29T14:50:05","guid":{"rendered":"https:\/\/apelrionegro.com.ar\/?page_id=294"},"modified":"2022-07-01T14:43:04","modified_gmt":"2022-07-01T14:43:04","slug":"secretarias","status":"publish","type":"page","link":"https:\/\/apelrionegro.com.ar\/sitio2\/secretarias\/","title":{"rendered":"COMISION DIRECTIVA"},"content":{"rendered":"\n<p class=\"has-text-align-center has-black-color has-text-color\"><strong>FUNCIONES Y ATRIBUCIONES<\/strong><\/p>\n\n\n\n<p>a) Ejercer la Administraci\u00f3n de la Asociaci\u00f3n;<\/p>\n\n\n\n<p>b) Ejecutar las Resoluciones de las Asambleas, cumplir y hacer cumplir las normas legales y reglamentarias de aplicaci\u00f3n, este Estatuto y los Reglamentos Internos, interpret\u00e1ndolos en caso de duda con cargo de dar cuenta a la Asamblea mas pr\u00f3xima que se celebre;<\/p>\n\n\n\n<p>c) Nombrar comisiones auxiliares, permanentes o transitorias que a su juicio considere necesarias para el mejor desenvolvimiento y organizaci\u00f3n, designar afiliados o formar comisiones para que auxilien a las secretarias en sus funciones generales o en casos especiales;<\/p>\n\n\n\n<p>d) Realizar todos los actos necesarios que este Estatuto no prev\u00e9 a otro \u00f3rgano especifico con competencia para ejecutarlas; <\/p>\n\n\n\n<p>e) Aplicar sanciones disciplinarias en la forma y circunstancias dispuestas por el presente Estatuto: <\/p>\n\n\n\n<p>f) Designar delegados que representen a la entidad cuando as\u00ed lo soliciten otras Asociaciones Sindicales, Nacionales o Extranjeras.<\/p>\n\n\n\n<p>g) Resolver todas las cuestiones no previstas en el presente Estatuto y adoptar las medidas urgentes que resulten impostergables para la buena marcha de la entidad, siempre que ellas no violen la Legislaci\u00f3n Nacional, con obligaci\u00f3n de informar sobre lo actuado a la  primera Asamblea que realice la entidad;<\/p>\n\n\n\n<p>h) Hacer cumplir el pago de las cotizaciones, cuotas sindicales y dem\u00e1s contribuciones fijadas por las asamblea del gremio;<\/p>\n\n\n\n<p>i) Nombrar empleados y todo el personal necesario para el cumplimiento de la finalidad social y sindical, fijarle el sueldo, determinar las obligaciones, amonestarlo, suspenderlo y despedirlo;<\/p>\n\n\n\n<p>j) Presentar a la Asamblea General Ordinaria la Memoria, Balance General, Inventario, Cuentas de Gastos, Recursos e Informes de la Comisi\u00f3n Revisora de Cuentas;<\/p>\n\n\n\n<p>k) Convocar a Asambleas Ordinarias y Extraordinarias, estableciendo el orden del d\u00eda. Las Extraordinarias, deber\u00e1n ser convocadas tambi\u00e9n, cuando as\u00ed lo soliciten por escrito el diez por ciento (10%) como m\u00ednimo de los afiliados, fij\u00e1ndose en forma precisa y clara los puntos del Orden del D\u00eda. <\/p>\n\n\n\n<p><\/p>\n","protected":false},"excerpt":{"rendered":"<p>FUNCIONES Y ATRIBUCIONES a) Ejercer la Administraci\u00f3n de la Asociaci\u00f3n; b) Ejecutar las Resoluciones de las Asambleas, cumplir y hacer cumplir las normas legales y reglamentarias de aplicaci\u00f3n, este Estatuto y los Reglamentos Internos, interpret\u00e1ndolos en caso de duda con cargo de dar cuenta a la Asamblea mas pr\u00f3xima que se celebre; c) Nombrar comisiones [&hellip;]<\/p>\n","protected":false},"author":3,"featured_media":0,"parent":0,"menu_order":0,"comment_status":"closed","ping_status":"closed","template":"","meta":{"footnotes":""},"class_list":["post-294","page","type-page","status-publish","hentry"],"_links":{"self":[{"href":"https:\/\/apelrionegro.com.ar\/sitio2\/wp-json\/wp\/v2\/pages\/294","targetHints":{"allow":["GET"]}}],"collection":[{"href":"https:\/\/apelrionegro.com.ar\/sitio2\/wp-json\/wp\/v2\/pages"}],"about":[{"href":"https:\/\/apelrionegro.com.ar\/sitio2\/wp-json\/wp\/v2\/types\/page"}],"author":[{"embeddable":true,"href":"https:\/\/apelrionegro.com.ar\/sitio2\/wp-json\/wp\/v2\/users\/3"}],"replies":[{"embeddable":true,"href":"https:\/\/apelrionegro.com.ar\/sitio2\/wp-json\/wp\/v2\/comments?post=294"}],"version-history":[{"count":4,"href":"https:\/\/apelrionegro.com.ar\/sitio2\/wp-json\/wp\/v2\/pages\/294\/revisions"}],"predecessor-version":[{"id":354,"href":"https:\/\/apelrionegro.com.ar\/sitio2\/wp-json\/wp\/v2\/pages\/294\/revisions\/354"}],"wp:attachment":[{"href":"https:\/\/apelrionegro.com.ar\/sitio2\/wp-json\/wp\/v2\/media?parent=294"}],"curies":[{"name":"wp","href":"https:\/\/api.w.org\/{rel}","templated":true}]}}