{"id":291,"date":"2022-06-29T14:48:19","date_gmt":"2022-06-29T14:48:19","guid":{"rendered":"https:\/\/apelrionegro.com.ar\/?page_id=291"},"modified":"2025-06-25T11:23:43","modified_gmt":"2025-06-25T11:23:43","slug":"convenios","status":"publish","type":"page","link":"https:\/\/apelrionegro.com.ar\/sitio2\/convenios\/","title":{"rendered":"CONVENIOS AFILIADOS Y AFILIADAS"},"content":{"rendered":"\n<p>AMOBLAMIENTOS &#8211; EL BOSQUE, Rivadavia 194 &#8211; Viedma<\/p>\n\n\n\n<p>ARTESAN\u00cdAS &#8211; CARICIAS AL ALMA, Jos\u00e9 Hernandez 876 &#8211; Viedma<\/p>\n\n\n\n<p>ARQUITECTURA &#8211; ESTUDIO DE ARQ. AG, Tucum\u00e1n 15 (2 P. \u201cA\u201d) &#8211; Viedma<\/p>\n\n\n\n<p>AUTOSERVICIO \u2013 468, Honduras 496 &#8211; Viedma<\/p>\n\n\n\n<p>AUTOSERVICIO &#8211; QUILLAKAS S.A., J. B. Cabral 152 &#8211; Viedma<\/p>\n\n\n\n<p>BARBER &#8211; ROMA BARBER SHOP, 25 de Mayo 875 &#8211; Viedma<\/p>\n\n\n\n<p>BICICLETER\u00cdA &#8211; PELOTON BIKE, Rivadavia 320 &#8211; Viedma<\/p>\n\n\n\n<p>BICICLETER\u00cdA &#8211; CASA DEL VECCHIO, Saavedra 430 &#8211; Viedma<\/p>\n\n\n\n<p>BOXEO RECREATIVO &#8211; METROBOX 1, O\u00b4Higgins 146 &#8211; Viedma<\/p>\n\n\n\n<p>CARNICER\u00cdA \u2013 STRAHL, Alvaro Barros 628 &#8211; Viedma<\/p>\n\n\n\n<p>CERRAGER\u00cdA &#8211; LA COMBINACION, Bvrd. Cont\u00edn 375 &#8211; Viedma<\/p>\n\n\n\n<p>CONSTRUCTORA &#8211; CEMENTOS DEL VALLE SRL, Calle 5 &#8211; 155. Parque Ind. &#8211; Patagones<\/p>\n\n\n\n<p>COTILL\u00d3N &#8211; MIL DESEOS, Alvaro Barros 390 &#8211; Viedma<\/p>\n\n\n\n<p>DISE\u00d1OS Y CREACIONES \u2013 ANYELA, Buenos Aires 230 &#8211; Viedma<\/p>\n\n\n\n<p>ELECTRICIDAD DEL AUTOMOTOR &#8211; ELECTRO CARS, Triunfo de Ituzaing\u00f3 530 &#8211; Patagones<\/p>\n\n\n\n<p>ESTACI\u00d3N DE SERVICIOS &#8211; POZZO ARDIZZI, Blvd. Ayacucho 1202 &#8211; Viedma<\/p>\n\n\n\n<p>ESTACI\u00d3N DE SERVICIOS &#8211; POZZO ARDIZZI, Zatti y La Pampa &#8211; Viedma<\/p>\n\n\n\n<p>FARMACIA &#8211; FARMA APEL, Alvaro Barros 359 &#8211; Viedma<\/p>\n\n\n\n<p>FERRETER\u00cdA &#8211; LA FERRETERIA, A. Barros 523 &#8211; Viedma<\/p>\n\n\n\n<p>GIMNASIO \u2013 VIKINGOS, Espa\u00f1a 182 &#8211; Patagones<\/p>\n\n\n\n<p>GIMNASIO \u2013 UNIVERSO, J. J. Biedma 219 &#8211; Viedma<\/p>\n\n\n\n<p>GIMNASIO &#8211; ANIMAL, J. M. Guido 743 &#8211; Viedma<\/p>\n\n\n\n<p>GIMNASIO \u2013 CROSSBOX, Rivadavia 847 &#8211; Viedma<\/p>\n\n\n\n<p>HELADER\u00cdA &#8211; HELADOS OI, Venezuela 217 &#8211; Viedma<\/p>\n\n\n\n<p>HOTEL ZM S.R.L. &#8211; Avda. Villarino 292, Viedma<\/p>\n\n\n\n<p>LIBRER\u00cdA &#8211; LIBRERIA ABEL, Buenos Aires 52 &#8211; Viedma<\/p>\n\n\n\n<p>MASAJES \u2013 INDRA, Amelita Baltar 522 &#8211; Viedma<\/p>\n\n\n\n<p>MASAJES \u2013 REVIVE, Alvaro Barros 1020 &#8211; Viedma<\/p>\n\n\n\n<p>MASAJES &#8211; CARICIAS AL ALMA, Pueyrred\u00f3n 233 &#8211; Viedma<\/p>\n\n\n\n<p>MASCOTAS &#8211; ESPACIO MASCOTAS, Saavedra 403 &#8211; Viedma<\/p>\n\n\n\n<p>MAYORISTA &#8211; CASA TEIXEIRA S.A., Rivadavia 227 &#8211; Viedma<\/p>\n\n\n\n<p>MERCERIA \u2013 SyL, Caseros 1557 &#8211; Viedma<\/p>\n\n\n\n<p>OPTICA &#8211; DEL SOL, Belgrano 157 &#8211; Viedma<\/p>\n\n\n\n<p>OPTICA \u2013 PATAGONIA, Rivadavia 329 &#8211; Patagones<\/p>\n\n\n\n<p>OPTICA \u2013 LAUREZ, Mitre 409 &#8211; Viedma<\/p>\n\n\n\n<p>PANADER\u00cdA &#8211; LA TRINCHA, Saavedra 569 &#8211; Viedma<\/p>\n\n\n\n<p>PANADER\u00cdA \u2013 AUSTRAL, Guatemala 402 &#8211; Viedma<\/p>\n\n\n\n<p>PAPELER\u00cdA &#8211; SANTA CATALINA II, Caseros 1605 &#8211; Viedma<\/p>\n\n\n\n<p>PELUQUER\u00cdA &#8211; DI BELLA, Garrone 536 &#8211; Viedma<\/p>\n\n\n\n<p>PINTURERIA &#8211; DEL SUR, Belgrano 602 &#8211; Viedma<\/p>\n\n\n\n<p>PINTURER\u00cdA \u2013 PINTUMAX, Caseros 1242 &#8211; Viedma<\/p>\n\n\n\n<p>PRESTAMOS &#8211; MINI CUOTAS, J. M. Guido 999 &#8211; Viedma<\/p>\n\n\n\n<p>REGALER\u00cdA \u2013 INQUIETA, Buenos Aires 230 (Local 5) &#8211; Viedma<\/p>\n\n\n\n<p>REPUESTOS &#8211; JOSE REPUESTOS, Caseros 1225 &#8211; Viedma<\/p>\n\n\n\n<p>SANITARIOS &#8211; INTEGRAL SANITARIO, J. M. Guido 626 &#8211; Viedma<\/p>\n\n\n\n<p>SUBLIMADOS \u2013 MARANATHA, Jos\u00e9 de la Pe\u00f1a 155 &#8211; Patagones<\/p>\n\n\n\n<p>TAEKWONDO &#8211; ACADEMIA DE TAEKWONDO, Amelita Baltar 522 &#8211; Viedma<\/p>\n\n\n\n<p>TALLER &#8211; SALA\u00a8S GARAGE, Estados Unidos 380 &#8211; Viedma<\/p>\n\n\n\n<p>TALLER DE MOTOS &#8211; Guatemala 300 &#8211; Viedma<\/p>\n\n\n\n<p>TIENDA DE BEBES &#8211; AMOROSO BEBES, Buenos Aires 72 &#8211; Viedma<\/p>\n\n\n\n<p>TIENDA &#8211; AREA PATAGONICA, Saavedra 411 &#8211; Viedma<\/p>\n\n\n\n<p>TIENDA &#8211; KAPRIC\u00cdO KIDS, J. M. Guido 1075 &#8211; Viedma<\/p>\n\n\n\n<p>TIENDA &#8211; UNIKA COMO VOS, J. M. Guido y Rivadavia &#8211; Viedma<\/p>\n\n\n\n<p>TIENDA &#8211; YO ELIJO QUE PONERME, San Mart\u00edn 217 &#8211; Viedma<\/p>\n\n\n\n<p>TIENDA \u2013 TABASCO, J. M. Guido 1023 &#8211; Viedma<\/p>\n\n\n\n<p>TIENDA &#8211; ZUZON MODAS SRL, Garrone 59 &#8211; Viedma<\/p>\n\n\n\n<p>TIENDA \u2013 CANAAN, Schieroni 253 &#8211; Viedma<\/p>\n\n\n\n<p>ZAPATER\u00cdA &#8211; CRISTINA, Mitre 546 &#8211; Viedma<\/p>\n\n\n\n<p>Recordamos a nuestros afiliados que para consultas por Pro-forma de convenios e informes pueden asistir a la oficina de APEL en la Legislatura de R\u00edo Negro, 2920-474247 \u00f3 a nuestra sede central en Guatemala 229 de Viedma, 2920-603105.<\/p>\n","protected":false},"excerpt":{"rendered":"<p>AMOBLAMIENTOS &#8211; EL BOSQUE, Rivadavia 194 &#8211; Viedma ARTESAN\u00cdAS &#8211; CARICIAS AL ALMA, Jos\u00e9 Hernandez 876 &#8211; Viedma ARQUITECTURA &#8211; ESTUDIO DE ARQ. AG, Tucum\u00e1n 15 (2 P. \u201cA\u201d) &#8211; Viedma AUTOSERVICIO \u2013 468, Honduras 496 &#8211; Viedma AUTOSERVICIO &#8211; QUILLAKAS S.A., J. B. Cabral 152 &#8211; Viedma BARBER &#8211; ROMA BARBER SHOP, 25 de [&hellip;]<\/p>\n","protected":false},"author":3,"featured_media":0,"parent":0,"menu_order":0,"comment_status":"closed","ping_status":"closed","template":"","meta":{"footnotes":""},"class_list":["post-291","page","type-page","status-publish","hentry"],"_links":{"self":[{"href":"https:\/\/apelrionegro.com.ar\/sitio2\/wp-json\/wp\/v2\/pages\/291","targetHints":{"allow":["GET"]}}],"collection":[{"href":"https:\/\/apelrionegro.com.ar\/sitio2\/wp-json\/wp\/v2\/pages"}],"about":[{"href":"https:\/\/apelrionegro.com.ar\/sitio2\/wp-json\/wp\/v2\/types\/page"}],"author":[{"embeddable":true,"href":"https:\/\/apelrionegro.com.ar\/sitio2\/wp-json\/wp\/v2\/users\/3"}],"replies":[{"embeddable":true,"href":"https:\/\/apelrionegro.com.ar\/sitio2\/wp-json\/wp\/v2\/comments?post=291"}],"version-history":[{"count":27,"href":"https:\/\/apelrionegro.com.ar\/sitio2\/wp-json\/wp\/v2\/pages\/291\/revisions"}],"predecessor-version":[{"id":1695,"href":"https:\/\/apelrionegro.com.ar\/sitio2\/wp-json\/wp\/v2\/pages\/291\/revisions\/1695"}],"wp:attachment":[{"href":"https:\/\/apelrionegro.com.ar\/sitio2\/wp-json\/wp\/v2\/media?parent=291"}],"curies":[{"name":"wp","href":"https:\/\/api.w.org\/{rel}","templated":true}]}}