{"id":1579,"date":"2024-02-07T13:48:57","date_gmt":"2024-02-07T13:48:57","guid":{"rendered":"https:\/\/apelrionegro.com.ar\/sitio2\/?page_id=1579"},"modified":"2024-02-07T13:48:57","modified_gmt":"2024-02-07T13:48:57","slug":"inscripciones-abiertas-para-los-utiles-escolares","status":"publish","type":"page","link":"https:\/\/apelrionegro.com.ar\/sitio2\/inscripciones-abiertas-para-los-utiles-escolares\/","title":{"rendered":"Inscripciones abiertas para los \u00fatiles escolares!"},"content":{"rendered":"\n<p><img loading=\"lazy\" decoding=\"async\" height=\"16\" width=\"16\" alt=\"&#x1f449;\" src=\"https:\/\/static.xx.fbcdn.net\/images\/emoji.php\/v9\/t51\/1\/16\/1f449.png\">&nbsp;Tiempo hasta el martes 13\/02\/2024.<br><img loading=\"lazy\" decoding=\"async\" height=\"16\" width=\"16\" alt=\"&#x1f449;\" src=\"https:\/\/static.xx.fbcdn.net\/images\/emoji.php\/v9\/t51\/1\/16\/1f449.png\">&nbsp;Hijos\/as y nietos\/as a cargo de nuestros afiliados.<\/p>\n\n\n\n<p>Lugar y contacto de inscripci\u00f3n:<br><img loading=\"lazy\" decoding=\"async\" height=\"16\" width=\"16\" alt=\"&#x1f449;\" src=\"https:\/\/static.xx.fbcdn.net\/images\/emoji.php\/v9\/t51\/1\/16\/1f449.png\">&nbsp;Oficinas de APEL.<br><img loading=\"lazy\" decoding=\"async\" height=\"16\" width=\"16\" alt=\"&#x1f449;\" src=\"https:\/\/static.xx.fbcdn.net\/images\/emoji.php\/v9\/t51\/1\/16\/1f449.png\"><img loading=\"lazy\" decoding=\"async\" height=\"16\" width=\"16\" alt=\"&#x260e;&#xfe0f;\" src=\"https:\/\/static.xx.fbcdn.net\/images\/emoji.php\/v9\/t22\/1\/16\/260e.png\">&nbsp;2920-483794 (Amadeo Sec. Acci\u00f3n Social).<br><img loading=\"lazy\" decoding=\"async\" height=\"16\" width=\"16\" alt=\"&#x1f449;\" src=\"https:\/\/static.xx.fbcdn.net\/images\/emoji.php\/v9\/t51\/1\/16\/1f449.png\">&nbsp;Mail: accionsocial@apelrionegro.com.ar<\/p>\n\n\n\n<p><a href=\"https:\/\/www.facebook.com\/hashtag\/apelr%C3%ADonegro?__eep__=6&amp;__cft__[0]=AZWK5PHsXPxDaxKIZhMuJm6lC81NJLV4-t4n7Qc_fY13JBpZVU86SuehQR_eCxzCx-YbtsrWTRmkKLILhwtwm9xlQQXcQfg-WZMUC_I1Nmz3KYaq7ajJN1JPHghNkWMwFY6J187zF8nr898VCIkaleAI_RyUIKfrBa5avPgPb0ExWv9VSpl3OFd6-GOA2FnJek0&amp;__tn__=*NK*F\">#ApelR\u00edoNegro<\/a><\/p>\n","protected":false},"excerpt":{"rendered":"<p>&nbsp;Tiempo hasta el martes 13\/02\/2024.&nbsp;Hijos\/as y nietos\/as a cargo de nuestros afiliados. Lugar y contacto de inscripci\u00f3n:&nbsp;Oficinas de APEL.&nbsp;2920-483794 (Amadeo Sec. Acci\u00f3n Social).&nbsp;Mail: accionsocial@apelrionegro.com.ar #ApelR\u00edoNegro<\/p>\n","protected":false},"author":3,"featured_media":1580,"parent":0,"menu_order":0,"comment_status":"closed","ping_status":"closed","template":"","meta":{"footnotes":""},"class_list":["post-1579","page","type-page","status-publish","has-post-thumbnail","hentry"],"_links":{"self":[{"href":"https:\/\/apelrionegro.com.ar\/sitio2\/wp-json\/wp\/v2\/pages\/1579","targetHints":{"allow":["GET"]}}],"collection":[{"href":"https:\/\/apelrionegro.com.ar\/sitio2\/wp-json\/wp\/v2\/pages"}],"about":[{"href":"https:\/\/apelrionegro.com.ar\/sitio2\/wp-json\/wp\/v2\/types\/page"}],"author":[{"embeddable":true,"href":"https:\/\/apelrionegro.com.ar\/sitio2\/wp-json\/wp\/v2\/users\/3"}],"replies":[{"embeddable":true,"href":"https:\/\/apelrionegro.com.ar\/sitio2\/wp-json\/wp\/v2\/comments?post=1579"}],"version-history":[{"count":1,"href":"https:\/\/apelrionegro.com.ar\/sitio2\/wp-json\/wp\/v2\/pages\/1579\/revisions"}],"predecessor-version":[{"id":1581,"href":"https:\/\/apelrionegro.com.ar\/sitio2\/wp-json\/wp\/v2\/pages\/1579\/revisions\/1581"}],"wp:featuredmedia":[{"embeddable":true,"href":"https:\/\/apelrionegro.com.ar\/sitio2\/wp-json\/wp\/v2\/media\/1580"}],"wp:attachment":[{"href":"https:\/\/apelrionegro.com.ar\/sitio2\/wp-json\/wp\/v2\/media?parent=1579"}],"curies":[{"name":"wp","href":"https:\/\/api.w.org\/{rel}","templated":true}]}}